{"id":2981,"date":"2025-07-28T11:49:53","date_gmt":"2025-07-28T09:49:53","guid":{"rendered":"http:\/\/oralchirurgie-nea.de.w0208b39.kasserver.com\/imprint\/"},"modified":"2025-08-02T17:50:27","modified_gmt":"2025-08-02T15:50:27","slug":"imprint","status":"publish","type":"page","link":"https:\/\/oralchirurgie-nea.de\/en\/imprint\/","title":{"rendered":"Imprint"},"content":{"rendered":"<div class=\"wpb-content-wrapper\"><p>[vc_row][vc_column][vc_empty_space height=&#8221;60px&#8221; css_params=&#8221;&#8221;][\/vc_column][\/vc_row][vc_row][vc_column][vc_column_text css=&#8221;&#8221; css_params=&#8221;&#8221;]<\/p>\n<h1>Imprint<\/h1>\n<p>Dr. Peter Schneider<br \/>Oralchirurgische Praxis<br \/>Paracelsusstrasse 34<br \/>91413 Neustadt an der Aisch<\/p>\n<p>Contact:<br \/>Phone: 0 91 61 \/ 66 27 98<br \/>Fax: 0 91 61 \/ 88 28 48<br \/>E-Mail: <a href=\"mailto:empfang@oralchirurgie-nea.de\">empfang@oralchirurgie-nea.de<\/a><\/p>\n<p><strong>supervisory authority:<\/strong><\/p>\n<p>Kassenzahn\u00e4rztliche Vereinigung Bayerns (www.kzvb.de) Bezirksstelle Mittelfranken Laufertorgraben 10 90489 N\u00fcrnberg<\/p>\n<p><strong>Responsible Chamber:<\/strong><\/p>\n<p>Bayerische Landeszahn\u00e4rztekammer Fallstrasse 34 81369 M\u00fcnchen<\/p>\n<p><strong>Job title:<\/strong><\/p>\n<p>Dentist with the additional qualification in oral surgery<br \/>(Awarded in the Federal Republic of Germany)<\/p>\n<p><strong>Professional regulations:<\/strong><\/p>\n<p>Berufsordnung der bayerischen Landeszahn\u00e4rztekammer ( www.blzk.de)<\/p>\n<p><strong>Responsible for content:<\/strong><\/p>\n<p>Dr. med. dent. Peter Schneider<br \/>Paracelsusstra\u00dfe 34<br \/>91413 Neustadt a. d. Aisch<\/p>\n<p><strong>Dispute resolution:<\/strong><\/p>\n<p>The European Commission provides a platform for online dispute resolution (ODR): <a href=\"https:\/\/ec.europa.eu\/consumers\/odr\" target=\"_blank\" rel=\"noopener\">https:\/\/ec.europa.eu\/consumers\/odr<\/a>.<br \/>We are neither willing nor obliged to participate in dispute resolution proceedings before a consumer arbitration board.[\/vc_column_text][\/vc_column][\/vc_row][vc_row][vc_column][vc_column_text css=&#8221;&#8221; css_params=&#8221;&#8221;]<strong>Photo credit:<\/strong><\/p>\n<ul>\n<li>\u00a9 <a href=\"https:\/\/de.123rf.com\/profile_rawpixel\">rawpixel<\/a>, <a href=\"https:\/\/www.123rf.com\/free-images\/\">123RF Free Images<\/a><\/li>\n<\/ul>\n<p>[\/vc_column_text][\/vc_column][\/vc_row]<\/p>\n<\/div>","protected":false},"excerpt":{"rendered":"<p>[vc_row][vc_column][vc_empty_space height=&#8221;60px&#8221; css_params=&#8221;&#8221;][\/vc_column][\/vc_row][vc_row][vc_column][vc_column_text css=&#8221;&#8221; css_params=&#8221;&#8221;] Imprint Dr. Peter SchneiderOralchirurgische PraxisParacelsusstrasse 3491413 Neustadt an der Aisch Contact:Phone: 0 91 61 \/ 66 27 98Fax: 0 91 61 \/ 88 28 48E-Mail: empfang@oralchirurgie-nea.de supervisory authority: Kassenzahn\u00e4rztliche Vereinigung Bayerns (www.kzvb.de) Bezirksstelle Mittelfranken Laufertorgraben 10 90489 N\u00fcrnberg Responsible Chamber: Bayerische Landeszahn\u00e4rztekammer Fallstrasse 34 81369 M\u00fcnchen Job title: Dentist with [&hellip;]<\/p>\n","protected":false},"author":1,"featured_media":0,"parent":0,"menu_order":0,"comment_status":"closed","ping_status":"closed","template":"","meta":{"footnotes":""},"class_list":["post-2981","page","type-page","status-publish","hentry"],"_links":{"self":[{"href":"https:\/\/oralchirurgie-nea.de\/en\/wp-json\/wp\/v2\/pages\/2981","targetHints":{"allow":["GET"]}}],"collection":[{"href":"https:\/\/oralchirurgie-nea.de\/en\/wp-json\/wp\/v2\/pages"}],"about":[{"href":"https:\/\/oralchirurgie-nea.de\/en\/wp-json\/wp\/v2\/types\/page"}],"author":[{"embeddable":true,"href":"https:\/\/oralchirurgie-nea.de\/en\/wp-json\/wp\/v2\/users\/1"}],"replies":[{"embeddable":true,"href":"https:\/\/oralchirurgie-nea.de\/en\/wp-json\/wp\/v2\/comments?post=2981"}],"version-history":[{"count":2,"href":"https:\/\/oralchirurgie-nea.de\/en\/wp-json\/wp\/v2\/pages\/2981\/revisions"}],"predecessor-version":[{"id":2983,"href":"https:\/\/oralchirurgie-nea.de\/en\/wp-json\/wp\/v2\/pages\/2981\/revisions\/2983"}],"wp:attachment":[{"href":"https:\/\/oralchirurgie-nea.de\/en\/wp-json\/wp\/v2\/media?parent=2981"}],"curies":[{"name":"wp","href":"https:\/\/api.w.org\/{rel}","templated":true}]}}